{"id":170,"date":"2017-05-16T00:26:46","date_gmt":"2017-05-15T22:26:46","guid":{"rendered":"http:\/\/magnetik.hr\/wordpress\/?page_id=170"},"modified":"2017-05-16T11:20:31","modified_gmt":"2017-05-16T09:20:31","slug":"o-nama","status":"publish","type":"page","link":"http:\/\/magnetik.hr\/?page_id=170","title":{"rendered":"O NAMA"},"content":{"rendered":"<p>Dobro do\u0161li na web stranice kreativnog studia Magnetik. Suraduju\u0107i sa tiskarama, reklamnim studijima i printerima studio Magnetik Vam mo\u017ee ponuditi usluge grafi\u010dkog oblikovanja na svim medijima po principu &#8220;klju\u010d u ruke&#8221;.<\/p>\n<p>Ono \u0161to Magnetik mo\u017ee u\u010diniti za Vas je:<\/p>\n<ul>\n<li>3d vizualizacije (modeliranje, teksturiranje, rendering)<\/li>\n<li>izrada identiteta (logotip, posjetnica, memorandum, koverta)<\/li>\n<li>grafi\u010dko oblikovanje tiskanih materijala (letci, bro\u0161ure, katalozi)<\/li>\n<li>grafi\u010dko oblikovanje printanih materijala (reklame, transparenti)<\/li>\n<li>grafi\u010dko oblikovanje ambala\u017ee (kutije, etikete)<\/li>\n<li>izrada web stranica<\/li>\n<li>fotografiranje i digitalna obrada fotografije (retu\u0161iranje)<\/li>\n<\/ul>\n<p>Kroz svoj rad nastojimo Va\u0161e \u017eelje i ideje spojiti sa svojim znanjem i iskustvom kako bi kvaliteta i standard kona\u010dnog proizvoda bili na \u0161to vi\u0161em nivou.<\/p>\n","protected":false},"excerpt":{"rendered":"<p>Dobro do\u0161li na web stranice kreativnog studia Magnetik. Suraduju\u0107i sa tiskarama, reklamnim studijima i printerima studio Magnetik Vam mo\u017ee ponuditi usluge grafi\u010dkog oblikovanja na svim medijima po principu &#8220;klju\u010d u ruke&#8221;. Ono \u0161to Magnetik mo\u017ee u\u010diniti za Vas je: 3d vizualizacije (modeliranje, teksturiranje, rendering) izrada identiteta (logotip, posjetnica, memorandum, koverta) grafi\u010dko oblikovanje tiskanih materijala (letci, [&hellip;]<\/p>\n","protected":false},"author":1,"featured_media":0,"parent":0,"menu_order":0,"comment_status":"closed","ping_status":"closed","template":"","meta":[],"_links":{"self":[{"href":"http:\/\/magnetik.hr\/index.php?rest_route=\/wp\/v2\/pages\/170"}],"collection":[{"href":"http:\/\/magnetik.hr\/index.php?rest_route=\/wp\/v2\/pages"}],"about":[{"href":"http:\/\/magnetik.hr\/index.php?rest_route=\/wp\/v2\/types\/page"}],"author":[{"embeddable":true,"href":"http:\/\/magnetik.hr\/index.php?rest_route=\/wp\/v2\/users\/1"}],"replies":[{"embeddable":true,"href":"http:\/\/magnetik.hr\/index.php?rest_route=%2Fwp%2Fv2%2Fcomments&post=170"}],"version-history":[{"count":6,"href":"http:\/\/magnetik.hr\/index.php?rest_route=\/wp\/v2\/pages\/170\/revisions"}],"predecessor-version":[{"id":211,"href":"http:\/\/magnetik.hr\/index.php?rest_route=\/wp\/v2\/pages\/170\/revisions\/211"}],"wp:attachment":[{"href":"http:\/\/magnetik.hr\/index.php?rest_route=%2Fwp%2Fv2%2Fmedia&parent=170"}],"curies":[{"name":"wp","href":"https:\/\/api.w.org\/{rel}","templated":true}]}}